{"id":20537,"date":"2020-11-23T16:41:22","date_gmt":"2020-11-23T15:41:22","guid":{"rendered":"http:\/\/www.distrade.ch\/?page_id=20537\/"},"modified":"2025-10-17T12:00:12","modified_gmt":"2025-10-17T10:00:12","slug":"contact","status":"publish","type":"page","link":"http:\/\/www.distrade.ch\/en\/contact\/","title":{"rendered":"CONTACT"},"content":{"rendered":"<div class=\"wpb_text_column wpb_content_element \">\n<div class=\"wpb_wrapper\">\n<h3>DISTRADE<\/h3>\n<\/div>\n<\/div>\n<div class=\"vc_empty_space\"><\/div>\n<div class=\"wpb_text_column wpb_content_element \">\n<div class=\"wpb_wrapper\">\n<div class=\"\">Distrade SA<\/div>\n<div class=\"\">36 Chemin des Rayes<\/div>\n<div class=\"\">1222 V\u00e9senaz<\/div>\n<div class=\"\">GE \u2013 Switzerland<\/div>\n<div class=\"\">\n<div class=\"\"><a class=\"\" href=\"mailto:distrade@distrade.ch\" target=\"_blank\" rel=\"noopener noreferrer\">distrade@distrade.ch<\/a><\/div>\n<div class=\"\">Tel: +41 22 301 86 30<\/div>\n<div class=\"\">Fax: +41 22 301 86 31<\/div>\n<\/div>\n<\/div>\n<\/div>\n<div class=\"separator small left \"><\/div>\n<div class=\"wpb_text_column wpb_content_element \">\n<div class=\"wpb_wrapper\">\n<div class=\"\">\n<div class=\"\"><b class=\"\">Fran\u00e7ois Stoop<\/b><\/div>\n<div class=\"\">Directeur G\u00e9n\u00e9ral et Commercial<\/div>\n<\/div>\n<\/div>\n<div class=\"wpb_wrapper\">\n<div class=\"\">\n<div class=\"\">\n<p><b class=\"\">Bernard Verbaet<br \/>\n<\/b>Administrateur D\u00e9l\u00e9gu\u00e9<\/p>\n<\/div>\n<\/div>\n<\/div>\n<\/div>\n","protected":false},"excerpt":{"rendered":"<p>DISTRADE Distrade SA 36 Chemin des Rayes 1222 V\u00e9senaz GE \u2013 Switzerland distrade@distrade.ch Tel: +41 22 301 86 30 Fax: +41 22 301 86 31 Fran\u00e7ois Stoop Directeur G\u00e9n\u00e9ral et Commercial Bernard Verbaet Administrateur D\u00e9l\u00e9gu\u00e9<\/p>\n","protected":false},"author":2,"featured_media":0,"parent":0,"menu_order":0,"comment_status":"closed","ping_status":"closed","template":"","meta":[],"_links":{"self":[{"href":"http:\/\/www.distrade.ch\/en\/wp-json\/wp\/v2\/pages\/20537"}],"collection":[{"href":"http:\/\/www.distrade.ch\/en\/wp-json\/wp\/v2\/pages"}],"about":[{"href":"http:\/\/www.distrade.ch\/en\/wp-json\/wp\/v2\/types\/page"}],"author":[{"embeddable":true,"href":"http:\/\/www.distrade.ch\/en\/wp-json\/wp\/v2\/users\/2"}],"replies":[{"embeddable":true,"href":"http:\/\/www.distrade.ch\/en\/wp-json\/wp\/v2\/comments?post=20537"}],"version-history":[{"count":9,"href":"http:\/\/www.distrade.ch\/en\/wp-json\/wp\/v2\/pages\/20537\/revisions"}],"predecessor-version":[{"id":20611,"href":"http:\/\/www.distrade.ch\/en\/wp-json\/wp\/v2\/pages\/20537\/revisions\/20611"}],"wp:attachment":[{"href":"http:\/\/www.distrade.ch\/en\/wp-json\/wp\/v2\/media?parent=20537"}],"curies":[{"name":"wp","href":"https:\/\/api.w.org\/{rel}","templated":true}]}}