{"id":19537,"date":"2017-07-07T13:30:23","date_gmt":"2017-07-07T11:30:23","guid":{"rendered":"http:\/\/www.distrade.ch\/home\/"},"modified":"2025-10-17T12:00:31","modified_gmt":"2025-10-17T10:00:31","slug":"home","status":"publish","type":"page","link":"https:\/\/www.distrade.ch\/en\/","title":{"rendered":"Home"},"content":{"rendered":"<p>[vc_row css_animation=&#8221;&#8221; row_type=&#8221;row&#8221; use_row_as_full_screen_section=&#8221;no&#8221; type=&#8221;grid&#8221; anchor=&#8221;services&#8221; angled_section=&#8221;no&#8221; text_align=&#8221;center&#8221; background_image_as_pattern=&#8221;without_pattern&#8221; css=&#8221;.vc_custom_1467879833192{padding-top: 142px !important;padding-bottom: 88px !important;}&#8221;][vc_column offset=&#8221;vc_col-lg-offset-2 vc_col-lg-8 vc_col-md-offset-1 vc_col-md-10&#8243; css=&#8221;.vc_custom_1466691550042{padding-right: 8% !important;padding-left: 8% !important;}&#8221;][vc_column_text]<\/p>\n<div class=\"wpb_text_column wpb_content_element \">\n<div class=\"wpb_wrapper\">\n<h2 style=\"text-align: center;\">Suppliers of guest amenities for the\u00a0hotel industry for 28 years<\/h2>\n<\/div>\n<\/div>\n<p>[\/vc_column_text][vc_separator type=&#8221;small&#8221; position=&#8221;center&#8221;][vc_column_text]<\/p>\n<p style=\"text-align: center;\"><strong><em>Do your guests expect the very best?\u00a0<\/em><\/strong><\/p>\n<p style=\"text-align: center;\">For over 25 years, we have selected and provided hotels with the finest guest\u00a0amenities thanks to our prestigious partners. For a personalized welcoming experience, opt for our tailor-made bespoke creations.<\/p>\n<p style=\"text-align: center;\"><strong><em>Enjoy the benefits of a super fast delivery service!<\/em><\/strong><\/p>\n<p style=\"text-align: center;\">Forget delays at customs or rescheduled deliveries. Distrade SA warehouses are ideally located in Geneva and in Fribourg, Switzerland and in Cluses, France.<\/p>\n<p>[\/vc_column_text][\/vc_column][\/vc_row][vc_row css_animation=&#8221;&#8221; row_type=&#8221;row&#8221; use_row_as_full_screen_section=&#8221;no&#8221; type=&#8221;full_width&#8221; angled_section=&#8221;no&#8221; text_align=&#8221;center&#8221; background_image_as_pattern=&#8221;without_pattern&#8221;][vc_column][qode_elements_holder number_of_columns=&#8221;two_columns&#8221;][qode_elements_holder_item background_image=&#8221;20500&#8243; item_padding=&#8221;0% 0% 0% 0%&#8221; vertical_alignment=&#8221;middle&#8221; advanced_animations=&#8221;no&#8221; item_padding_1024_1280=&#8221;0% 0% 0% 0%&#8221; item_padding_768_1024=&#8221;0% 0% 0% 0%&#8221; item_padding_600_768=&#8221;35% 0% 33% 0%&#8221; item_padding_480_600=&#8221;57% 0% 98% 0%&#8221; item_padding_480=&#8221;57% 0% 98% 0%&#8221;][\/qode_elements_holder_item][qode_elements_holder_item item_padding=&#8221;15.2% 13% 14.6% 13%&#8221; advanced_animations=&#8221;no&#8221; item_padding_1024_1280=&#8221;16% 5% 14.7% 5%&#8221; item_padding_768_1024=&#8221;16% 5% 14.7% 5%&#8221; item_padding_600_768=&#8221;8% 10% 8.7% 10% &#8221; item_padding_480_600=&#8221;18% 3% 14.7% 3% &#8221; item_padding_480=&#8221;18% 3% 14.7% 3%&#8221;][vc_column_text]<\/p>\n<h2 style=\"text-align: center;\">DISINFECTANTS<\/h2>\n<p>&#8212;&#8212;&#8212;&#8212;&#8212;&#8212;&#8212;&#8212;&#8212;[\/vc_column_text][vc_empty_space height=&#8221;49px&#8221;][vc_column_text css=&#8221;.vc_custom_1605271510638{padding-right: 10% !important;padding-left: 10% !important;}&#8221;]Cleaning alone is no longer sufficient. We have a large selection of the latest sanitizing and disinfecting products -containing at least 70% alcohol- to ensure your are meeting the new standards of the industry, and to help you safely operate at all times.<\/p>\n<p>[\/vc_column_text][vc_empty_space height=&#8221;50px&#8221;]<a  itemprop=\"url\" href=\"https:\/\/www.distrade.ch\/en\/portfolio_page\/la-bottega\/\" target=\"_self\" data-hover-background-color=#303030 data-hover-border-color=#303030 data-hover-color=#ffffff class=\"qbutton  center default\" style=\"color: #000000; border-color: #000000; font-style: normal; font-weight: 700; margin: 0px; border-radius: 0px;-moz-border-radius: 0px;-webkit-border-radius: 0px; background-color: #f5f5f5;\">DISCOVER<\/a>[\/qode_elements_holder_item][\/qode_elements_holder][\/vc_column][\/vc_row][vc_row css_animation=&#8221;&#8221; row_type=&#8221;row&#8221; use_row_as_full_screen_section=&#8221;no&#8221; type=&#8221;full_width&#8221; angled_section=&#8221;no&#8221; text_align=&#8221;center&#8221; background_image_as_pattern=&#8221;without_pattern&#8221; css=&#8221;.vc_custom_1469779201332{background-color: #f5f5f5 !important;}&#8221;][vc_column][qode_elements_holder number_of_columns=&#8221;two_columns&#8221;][qode_elements_holder_item item_padding=&#8221;15.5% 13% 14% 13%&#8221; advanced_animations=&#8221;no&#8221; item_padding_1024_1280=&#8221;16% 5% 14.7% 5%&#8221; item_padding_768_1024=&#8221;16% 5% 14.7% 5%&#8221; item_padding_600_768=&#8221;8% 10% 8.7% 10% &#8221; item_padding_480_600=&#8221;18% 3% 14.7% 3%&#8221; item_padding_480=&#8221;18% 3% 14.7% 3%&#8221;][vc_column_text]<\/p>\n<h2 style=\"text-align: center;\">HOME PRODUCTS<\/h2>\n<p>&#8212;&#8212;&#8212;&#8212;&#8212;&#8212;&#8212;&#8212;&#8212;[\/vc_column_text][vc_empty_space height=&#8221;49px&#8221;][vc_column_text css=&#8221;.vc_custom_1605263346748{padding-right: 10% !important;padding-left: 10% !important;}&#8221;]Offer a unique experience for your guests with our exclusive hospitality, care and well-being products. Herm\u00e8s, Guest Supply, La Bottega and Gilchrist &amp; Soames, but also our tailor-made fragrances &#8211; available at will!<\/p>\n<p><img decoding=\"async\" loading=\"lazy\" class=\"alignnone size-medium wp-image-19151\" src=\"http:\/\/www.distrade.ch\/demo\/wp-content\/uploads\/2016\/06\/logo-partenaires-300x61.png\" alt=\"\" width=\"300\" height=\"61\" \/>[\/vc_column_text][vc_single_image image=&#8221;19842&#8243; alignment=&#8221;center&#8221; onclick=&#8221;custom_link&#8221; qode_css_animation=&#8221;&#8221; link=&#8221;http:\/\/www.guestsupply.co.uk\/home.aspx&#8221;][vc_single_image image=&#8221;19840&#8243; alignment=&#8221;center&#8221; onclick=&#8221;custom_link&#8221; qode_css_animation=&#8221;&#8221; link=&#8221;http:\/\/www.hermes.com\/index-be-fr.html&#8221;][vc_single_image image=&#8221;19843&#8243; alignment=&#8221;center&#8221; onclick=&#8221;custom_link&#8221; qode_css_animation=&#8221;&#8221; link=&#8221;http:\/\/www.gilchristsoames.com\/&#8221;][vc_single_image image=&#8221;20145&#8243; alignment=&#8221;center&#8221; onclick=&#8221;custom_link&#8221; qode_css_animation=&#8221;&#8221; link=&#8221;https:\/\/www.labottega.com\/fr\/&#8221;][vc_empty_space height=&#8221;50px&#8221;]<a  itemprop=\"url\" href=\"http:\/\/www.distrade.ch\/demo\/index.php\/produits\/\" target=\"_self\" data-hover-background-color=#303030 data-hover-border-color=#303030 data-hover-color=#ffffff class=\"qbutton  center default\" style=\"color: #000000; border-color: #000000; font-style: normal; font-weight: 700; margin: 0px; border-radius: 0px;-moz-border-radius: 0px;-webkit-border-radius: 0px; background-color: #f5f5f5;\">DISCOVER<\/a>[\/qode_elements_holder_item][qode_elements_holder_item background_image=&#8221;17897&#8243; item_padding=&#8221;0% 0% 0% 0%&#8221; vertical_alignment=&#8221;middle&#8221; advanced_animations=&#8221;no&#8221; item_padding_1024_1280=&#8221;0% 0% 0% 0%&#8221; item_padding_768_1024=&#8221;0% 0% 0% 0%&#8221; item_padding_600_768=&#8221;35% 0% 33% 0%&#8221; item_padding_480_600=&#8221;57% 0% 98% 0%&#8221; item_padding_480=&#8221;57% 0% 98% 0%&#8221;][\/qode_elements_holder_item][\/qode_elements_holder][\/vc_column][\/vc_row][vc_row css_animation=&#8221;&#8221; row_type=&#8221;row&#8221; use_row_as_full_screen_section=&#8221;no&#8221; type=&#8221;full_width&#8221; angled_section=&#8221;no&#8221; text_align=&#8221;center&#8221; background_image_as_pattern=&#8221;without_pattern&#8221;][vc_column][qode_elements_holder number_of_columns=&#8221;two_columns&#8221;][qode_elements_holder_item background_image=&#8221;19197&#8243; item_padding=&#8221;0% 0% 0% 0%&#8221; vertical_alignment=&#8221;middle&#8221; advanced_animations=&#8221;no&#8221; item_padding_1024_1280=&#8221;0% 0% 0% 0%&#8221; item_padding_768_1024=&#8221;0% 0% 0% 0%&#8221; item_padding_600_768=&#8221;35% 0% 33% 0%&#8221; item_padding_480_600=&#8221;57% 0% 98% 0%&#8221; item_padding_480=&#8221;57% 0% 98% 0%&#8221;][\/qode_elements_holder_item][qode_elements_holder_item item_padding=&#8221;15.2% 13% 14.6% 13%&#8221; advanced_animations=&#8221;no&#8221; item_padding_1024_1280=&#8221;16% 5% 14.7% 5%&#8221; item_padding_768_1024=&#8221;16% 5% 14.7% 5%&#8221; item_padding_600_768=&#8221;8% 10% 8.7% 10% &#8221; item_padding_480_600=&#8221;18% 3% 14.7% 3% &#8221; item_padding_480=&#8221;18% 3% 14.7% 3%&#8221;][vc_column_text]<\/p>\n<h2 style=\"text-align: center;\">SLIPPERS<\/h2>\n<p>&#8212;&#8212;&#8212;&#8212;&#8212;&#8212;&#8212;&#8212;&#8212;[\/vc_column_text][vc_empty_space height=&#8221;49px&#8221;][vc_column_text css=&#8221;.vc_custom_1605264489321{padding-right: 10% !important;padding-left: 10% !important;}&#8221;]Symbol of the ultimate hotel art, select<em> the\u00a0<\/em>slipper that will make the difference. In cotton, velvet or fleece, in all sizes, white or colored, adopting the emblem of your hotel. And in a mountain atmosphere, how can you resist our fur-lined slippers?[\/vc_column_text][vc_empty_space height=&#8221;50px&#8221;]<a  itemprop=\"url\" href=\"http:\/\/www.distrade.ch\/demo\/index.php\/produits\/\" target=\"_self\" data-hover-background-color=#303030 data-hover-border-color=#303030 data-hover-color=#ffffff class=\"qbutton  center default\" style=\"color: #000000; border-color: #000000; font-style: normal; font-weight: 700; margin: 0px; border-radius: 0px;-moz-border-radius: 0px;-webkit-border-radius: 0px; background-color: #f5f5f5;\">DISCOVER<\/a>[\/qode_elements_holder_item][\/qode_elements_holder][\/vc_column][\/vc_row][vc_row css_animation=&#8221;&#8221; row_type=&#8221;row&#8221; use_row_as_full_screen_section=&#8221;no&#8221; type=&#8221;full_width&#8221; angled_section=&#8221;no&#8221; text_align=&#8221;center&#8221; background_image_as_pattern=&#8221;without_pattern&#8221; css=&#8221;.vc_custom_1469779201332{background-color: #f5f5f5 !important;}&#8221;][vc_column][qode_elements_holder number_of_columns=&#8221;two_columns&#8221;][qode_elements_holder_item item_padding=&#8221;15.5% 13% 14% 13%&#8221; advanced_animations=&#8221;no&#8221; item_padding_1024_1280=&#8221;16% 5% 14.7% 5%&#8221; item_padding_768_1024=&#8221;16% 5% 14.7% 5%&#8221; item_padding_600_768=&#8221;8% 10% 8.7% 10% &#8221; item_padding_480_600=&#8221;18% 3% 14.7% 3%&#8221; item_padding_480=&#8221;18% 3% 14.7% 3%&#8221;][vc_column_text]<\/p>\n<h2 style=\"text-align: center;\">THE ELEGANCE OF ACCESSORIES<\/h2>\n<p>&#8212;&#8212;&#8212;&#8212;&#8212;&#8212;&#8212;&#8212;&#8212;[\/vc_column_text][vc_empty_space height=&#8221;49px&#8221;][vc_column_text css=&#8221;.vc_custom_1605265126659{padding-right: 10% !important;padding-left: 10% !important;}&#8221;]Subtle details create a refined atmosphere. Bandage sets, shoe horns, coat hangers&#8230; Seduce your customers with our choice of high-end accessories for a stay in absolute comfort. Always with personalized proposals according to your wishes.[\/vc_column_text][vc_empty_space height=&#8221;50px&#8221;]<a  itemprop=\"url\" href=\"https:\/\/www.distrade.ch\/en\/accessoires\/\" target=\"_self\" data-hover-background-color=#303030 data-hover-border-color=#303030 data-hover-color=#ffffff class=\"qbutton  center default\" style=\"color: #000000; border-color: #000000; font-style: normal; font-weight: 700; margin: 0px; border-radius: 0px;-moz-border-radius: 0px;-webkit-border-radius: 0px; background-color: #f5f5f5;\">DISCOVER<\/a>[\/qode_elements_holder_item][qode_elements_holder_item background_image=&#8221;19199&#8243; item_padding=&#8221;0% 0% 0% 0%&#8221; vertical_alignment=&#8221;middle&#8221; advanced_animations=&#8221;no&#8221; item_padding_1024_1280=&#8221;0% 0% 0% 0%&#8221; item_padding_768_1024=&#8221;0% 0% 0% 0%&#8221; item_padding_600_768=&#8221;35% 0% 33% 0%&#8221; item_padding_480_600=&#8221;57% 0% 98% 0%&#8221; item_padding_480=&#8221;57% 0% 98% 0%&#8221;][\/qode_elements_holder_item][\/qode_elements_holder][\/vc_column][\/vc_row][vc_row css_animation=&#8221;&#8221; row_type=&#8221;row&#8221; use_row_as_full_screen_section=&#8221;no&#8221; type=&#8221;full_width&#8221; angled_section=&#8221;no&#8221; text_align=&#8221;center&#8221; background_image_as_pattern=&#8221;without_pattern&#8221;][vc_column][qode_elements_holder number_of_columns=&#8221;two_columns&#8221;][qode_elements_holder_item background_image=&#8221;18316&#8243; item_padding=&#8221;0% 0% 0% 0%&#8221; advanced_animations=&#8221;no&#8221; item_padding_1024_1280=&#8221;0% 0% 0% 0%&#8221; item_padding_768_1024=&#8221;0% 0% 0% 0%&#8221; item_padding_600_768=&#8221;35% 0% 33% 0%&#8221; item_padding_480_600=&#8221;57% 0% 98% 0%&#8221; item_padding_480=&#8221;57% 0% 98% 0%&#8221;][\/qode_elements_holder_item][qode_elements_holder_item item_padding=&#8221;15.2% 13% 14.6% 13%&#8221; advanced_animations=&#8221;no&#8221; item_padding_1024_1280=&#8221;16% 5% 14.7% 5%&#8221; item_padding_768_1024=&#8221;16% 5% 14.7% 5%&#8221; item_padding_600_768=&#8221;8% 10% 8.7% 10% &#8221; item_padding_480_600=&#8221;18% 3% 14.7% 3% &#8221; item_padding_480=&#8221;18% 3% 14.7% 3%&#8221;][vc_column_text]<\/p>\n<h2 style=\"text-align: center;\">CUSTOM TEXTILE<\/h2>\n<p>&#8212;&#8212;&#8212;&#8212;&#8212;&#8212;&#8212;&#8212;&#8212;[\/vc_column_text][vc_empty_space height=&#8221;49px&#8221;][vc_column_text css=&#8221;.vc_custom_1605267053846{padding-right: 10% !important;padding-left: 10% !important;}&#8221;]Imagine linens in perfect harmony with the hospitality experience you offer. We provide soft creations, with the possibility of embroidered, printed or embossed patterns. Our linens of the highest quality are made in Portugal by textile craft specialists.[\/vc_column_text][vc_empty_space height=&#8221;50px&#8221;]<a  itemprop=\"url\" href=\"https:\/\/www.distrade.ch\/en\/portfolio_page\/serviettes-de-bain-et-peignoir\/\" target=\"_self\" data-hover-background-color=#303030 data-hover-border-color=#303030 data-hover-color=#ffffff class=\"qbutton  center default\" style=\"color: #000000; border-color: #000000; font-style: normal; font-weight: 700; margin: 0px; border-radius: 0px;-moz-border-radius: 0px;-webkit-border-radius: 0px; background-color: #f5f5f5;\">DISCOVER<\/a>[\/qode_elements_holder_item][\/qode_elements_holder][\/vc_column][\/vc_row][vc_row css_animation=&#8221;&#8221; row_type=&#8221;row&#8221; use_row_as_full_screen_section=&#8221;no&#8221; type=&#8221;full_width&#8221; angled_section=&#8221;no&#8221; text_align=&#8221;center&#8221; background_image_as_pattern=&#8221;without_pattern&#8221; css=&#8221;.vc_custom_1469779201332{background-color: #f5f5f5 !important;}&#8221;][vc_column][qode_elements_holder number_of_columns=&#8221;two_columns&#8221;][qode_elements_holder_item item_padding=&#8221;15.5% 13% 14% 13%&#8221; advanced_animations=&#8221;no&#8221; item_padding_1024_1280=&#8221;16% 5% 14.7% 5%&#8221; item_padding_768_1024=&#8221;16% 5% 14.7% 5%&#8221; item_padding_600_768=&#8221;8% 10% 8.7% 10% &#8221; item_padding_480_600=&#8221;18% 3% 14.7% 3%&#8221; item_padding_480=&#8221;18% 3% 14.7% 3%&#8221;][vc_column_text]<\/p>\n<h2 style=\"text-align: center;\">A 360\u00b0 LUXURY EXPERIENCE<\/h2>\n<p>&#8212;&#8212;&#8212;&#8212;&#8212;&#8212;&#8212;&#8212;&#8212;[\/vc_column_text][vc_empty_space height=&#8221;49px&#8221;][vc_column_text css=&#8221;.vc_custom_1605268733582{padding-right: 10% !important;padding-left: 10% !important;}&#8221;]The art of hospitality flourishes in the tiniest details! Discover our selection of Brabantia bathroom accessories, made in Europe. Or opt for BistroTea sticks, which diffuse the aroma of the best Ceylon tea while acting as a fine stick. Finally, shhh! Best seller in the making: irons and ironing boards that fit perfectly into a hotel room.<\/p>\n<p>Let&#8217;s build your hospitality experience together: contact us.[\/vc_column_text][vc_empty_space height=&#8221;50px&#8221;]<a  itemprop=\"url\" href=\"http:\/\/www.distrade.ch\/demo\/index.php\/produits\/\" target=\"_self\" data-hover-background-color=#303030 data-hover-border-color=#303030 data-hover-color=#ffffff class=\"qbutton  center default\" style=\"color: #000000; border-color: #000000; font-style: normal; font-weight: 700; margin: 0px; border-radius: 0px;-moz-border-radius: 0px;-webkit-border-radius: 0px; background-color: #f5f5f5;\">DISCOVER<\/a>[\/qode_elements_holder_item][qode_elements_holder_item background_image=&#8221;18319&#8243; item_padding=&#8221;0% 0% 0% 0%&#8221; vertical_alignment=&#8221;middle&#8221; advanced_animations=&#8221;no&#8221; item_padding_1024_1280=&#8221;0% 0% 0% 0%&#8221; item_padding_768_1024=&#8221;0% 0% 0% 0%&#8221; item_padding_600_768=&#8221;35% 0% 33% 0%&#8221; item_padding_480_600=&#8221;57% 0% 98% 0%&#8221; item_padding_480=&#8221;57% 0% 98% 0%&#8221;][\/qode_elements_holder_item][\/qode_elements_holder][\/vc_column][\/vc_row][vc_row css_animation=&#8221;&#8221; row_type=&#8221;row&#8221; use_row_as_full_screen_section=&#8221;no&#8221; type=&#8221;grid&#8221; anchor=&#8221;contact&#8221; angled_section=&#8221;no&#8221; text_align=&#8221;center&#8221; background_image_as_pattern=&#8221;without_pattern&#8221; css=&#8221;.vc_custom_1514376142322{padding-top: 142px !important;padding-bottom: 91px !important;}&#8221; el_id=&#8221;contact&#8221;][vc_column offset=&#8221;vc_col-lg-offset-2 vc_col-lg-8 vc_col-md-offset-1 vc_col-md-10&#8243; css=&#8221;.vc_custom_1466691550042{padding-right: 8% !important;padding-left: 8% !important;}&#8221;][vc_column_text]<\/p>\n<h2>CONTACT<\/h2>\n<p>&#8212;&#8212;&#8212;&#8212;&#8212;&#8212;&#8212;&#8212;&#8212;[\/vc_column_text][vc_empty_space height=&#8221;13px&#8221;][vc_column_text]For any additional information concerning all of these products, please fill out the form below:[\/vc_column_text][\/vc_column][\/vc_row][vc_row css_animation=&#8221;&#8221; row_type=&#8221;row&#8221; use_row_as_full_screen_section=&#8221;no&#8221; type=&#8221;grid&#8221; angled_section=&#8221;no&#8221; text_align=&#8221;left&#8221; background_image_as_pattern=&#8221;without_pattern&#8221; css=&#8221;.vc_custom_1466766540508{padding-bottom: 87px !important;}&#8221;][vc_column offset=&#8221;vc_col-lg-6 vc_col-md-6&#8243; css=&#8221;.vc_custom_1467013727805{padding-right: 3% !important;}&#8221;][vc_column_text]<\/p>\n<h3>DISTRADE<\/h3>\n<p>[\/vc_column_text][vc_empty_space height=&#8221;13px&#8221;][vc_column_text]<\/p>\n<div class=\"\">Distrade SA<\/div>\n<div class=\"\">36 Chemin des Rayes<\/div>\n<div class=\"\">1222 V\u00e9senaz<\/div>\n<div class=\"\">GE &#8211; Switzerland<\/div>\n<div class=\"\">\n<div class=\"\"><a class=\"\" href=\"mailto:distrade@distrade.ch\" target=\"_blank\" rel=\"noopener noreferrer\">distrade@distrade.ch<\/a><\/div>\n<div class=\"\">Tel: +41 22 301 86 30<\/div>\n<div class=\"\">Fax: +41 22 301 86 31<\/div>\n<\/div>\n<p>[\/vc_column_text][vc_separator type=&#8221;small&#8221; position=&#8221;left&#8221; color=&#8221;#b5b5b5&#8243;][vc_column_text]<\/p>\n<div class=\"\">\n<div class=\"\"><b class=\"\">Fran\u00e7ois Stoop<\/b><\/div>\n<div class=\"\">\n<p>Directeur G\u00e9n\u00e9ral et Commercial<\/p>\n<\/div>\n<p><b class=\"\">Bernard Verbaet<br \/>\n<\/b>Administrateur D\u00e9l\u00e9gu\u00e9<\/p>\n<\/div>\n<p>[\/vc_column_text][\/vc_column][vc_column offset=&#8221;vc_col-lg-6 vc_col-md-6&#8243;][vc_empty_space height=&#8221;8px&#8221;]<div role=\"form\" class=\"wpcf7\" id=\"wpcf7-f18353-o1\" lang=\"fr-FR\" dir=\"ltr\">\n<div class=\"screen-reader-response\"><\/div>\n<form action=\"\/en\/wp-json\/wp\/v2\/pages\/19537#wpcf7-f18353-o1\" method=\"post\" class=\"wpcf7-form cf7_custom_style_1\" novalidate=\"novalidate\">\n<div style=\"display: none;\">\n<input type=\"hidden\" name=\"_wpcf7\" value=\"18353\" \/>\n<input type=\"hidden\" name=\"_wpcf7_version\" value=\"4.7\" \/>\n<input type=\"hidden\" name=\"_wpcf7_locale\" value=\"fr_FR\" \/>\n<input type=\"hidden\" name=\"_wpcf7_unit_tag\" value=\"wpcf7-f18353-o1\" \/>\n<input type=\"hidden\" name=\"_wpnonce\" value=\"51e997bd53\" \/>\n<\/div>\n<p><label> your name (required)<br \/>\n    <span class=\"wpcf7-form-control-wrap your-name\"><input type=\"text\" name=\"your-name\" value=\"\" size=\"40\" class=\"wpcf7-form-control wpcf7-text wpcf7-validates-as-required\" aria-required=\"true\" aria-invalid=\"false\" \/><\/span> <\/label><\/p>\n<p><label> your email adress (required)<br \/>\n    <span class=\"wpcf7-form-control-wrap your-email\"><input type=\"email\" name=\"your-email\" value=\"\" size=\"40\" class=\"wpcf7-form-control wpcf7-text wpcf7-email wpcf7-validates-as-required wpcf7-validates-as-email\" aria-required=\"true\" aria-invalid=\"false\" \/><\/span> <\/label><\/p>\n<p><label> subject<br \/>\n    <span class=\"wpcf7-form-control-wrap subject\"><input type=\"text\" name=\"subject\" value=\"\" size=\"40\" class=\"wpcf7-form-control wpcf7-text\" aria-invalid=\"false\" \/><\/span> <\/label><\/p>\n<p><label> your message<br \/>\n    <span class=\"wpcf7-form-control-wrap your-message\"><textarea name=\"your-message\" cols=\"40\" rows=\"10\" class=\"wpcf7-form-control wpcf7-textarea\" aria-invalid=\"false\"><\/textarea><\/span> <\/label><\/p>\n<p><input type=\"submit\" value=\"SEND\" class=\"wpcf7-form-control wpcf7-submit\" \/><\/p>\n<div class=\"wpcf7-response-output wpcf7-display-none\"><\/div><\/form><\/div>[\/vc_column][\/vc_row]<\/p>\n","protected":false},"excerpt":{"rendered":"<p>[vc_row css_animation=&#8221;&#8221; row_type=&#8221;row&#8221; use_row_as_full_screen_section=&#8221;no&#8221; type=&#8221;grid&#8221; anchor=&#8221;services&#8221; angled_section=&#8221;no&#8221; text_align=&#8221;center&#8221; background_image_as_pattern=&#8221;without_pattern&#8221; css=&#8221;.vc_custom_1467879833192{padding-top: 142px !important;padding-bottom: 88px !important;}&#8221;][vc_column offset=&#8221;vc_col-lg-offset-2 vc_col-lg-8 vc_col-md-offset-1 vc_col-md-10&#8243; css=&#8221;.vc_custom_1466691550042{padding-right: 8% !important;padding-left: 8% !important;}&#8221;][vc_column_text] Suppliers of guest amenities for the\u00a0hotel industry for 28 years [\/vc_column_text][vc_separator type=&#8221;small&#8221; position=&#8221;center&#8221;][vc_column_text] Do your guests expect the very best?\u00a0 For over&#8230;<\/p>\n","protected":false},"author":1,"featured_media":0,"parent":0,"menu_order":0,"comment_status":"closed","ping_status":"closed","template":"full_width.php","meta":[],"_links":{"self":[{"href":"https:\/\/www.distrade.ch\/en\/wp-json\/wp\/v2\/pages\/19537"}],"collection":[{"href":"https:\/\/www.distrade.ch\/en\/wp-json\/wp\/v2\/pages"}],"about":[{"href":"https:\/\/www.distrade.ch\/en\/wp-json\/wp\/v2\/types\/page"}],"author":[{"embeddable":true,"href":"https:\/\/www.distrade.ch\/en\/wp-json\/wp\/v2\/users\/1"}],"replies":[{"embeddable":true,"href":"https:\/\/www.distrade.ch\/en\/wp-json\/wp\/v2\/comments?post=19537"}],"version-history":[{"count":95,"href":"https:\/\/www.distrade.ch\/en\/wp-json\/wp\/v2\/pages\/19537\/revisions"}],"predecessor-version":[{"id":20612,"href":"https:\/\/www.distrade.ch\/en\/wp-json\/wp\/v2\/pages\/19537\/revisions\/20612"}],"wp:attachment":[{"href":"https:\/\/www.distrade.ch\/en\/wp-json\/wp\/v2\/media?parent=19537"}],"curies":[{"name":"wp","href":"https:\/\/api.w.org\/{rel}","templated":true}]}}